{"id":826,"date":"2024-11-14T15:40:35","date_gmt":"2024-11-14T21:40:35","guid":{"rendered":"https:\/\/emprendeconellas.com\/index.php\/product\/pulseras-de-piedras-naturales-individuales-o-en-set\/"},"modified":"2024-11-14T15:40:35","modified_gmt":"2024-11-14T21:40:35","slug":"pulseras-de-piedras-naturales-individuales-o-en-set","status":"publish","type":"product","link":"https:\/\/emprendeconellas.com\/index.php\/product\/pulseras-de-piedras-naturales-individuales-o-en-set\/","title":{"rendered":"Pulseras de piedras naturales individuales o en set"},"content":{"rendered":"<p>Esta pulsera es completamente ajustable y est\u00e1 elaborada a partir de hilo chino, disponible en el color que el cliente prefiera. Tambi\u00e9n existe la opci\u00f3n de confeccionarla con el\u00e1stico, para mayor flexibilidad. Las medidas disponibles son S, M, L, XL y 2XL, adapt\u00e1ndose c\u00f3modamente a diferentes tama\u00f1os de mu\u00f1eca. Las piedras que pueden utilizarse incluyen \u00c1gata India, Labradorita, Cuarzo Rosa, Mokaita, Lepidolita, Aquamarina, Ojo de Tigre, entre otras, dependiendo de la disponibilidad. Adem\u00e1s, se ofrece una versi\u00f3n para hombres, con un dise\u00f1o m\u00e1s adaptado a sus preferencias. Los dijes que pueden acompa\u00f1ar a la pulsera var\u00edan seg\u00fan la disposici\u00f3n del material, ofreciendo as\u00ed una pieza personalizada y \u00fanica para cada cliente.<\/p>\n","protected":false},"excerpt":{"rendered":"<p>Alma Libre<\/p>\n","protected":false},"featured_media":491,"comment_status":"open","ping_status":"closed","template":"","meta":{"om_disable_all_campaigns":false,"_monsterinsights_skip_tracking":false,"_monsterinsights_sitenote_active":false,"_monsterinsights_sitenote_note":"","_monsterinsights_sitenote_category":0},"product_brand":[],"product_cat":[25],"product_tag":[],"class_list":{"0":"post-826","1":"product","2":"type-product","3":"status-publish","4":"has-post-thumbnail","6":"product_cat-bisuteria","8":"first","9":"instock","10":"shipping-taxable","11":"purchasable","12":"product-type-simple"},"aioseo_notices":[],"jetpack_sharing_enabled":true,"_links":{"self":[{"href":"https:\/\/emprendeconellas.com\/index.php\/wp-json\/wp\/v2\/product\/826","targetHints":{"allow":["GET"]}}],"collection":[{"href":"https:\/\/emprendeconellas.com\/index.php\/wp-json\/wp\/v2\/product"}],"about":[{"href":"https:\/\/emprendeconellas.com\/index.php\/wp-json\/wp\/v2\/types\/product"}],"replies":[{"embeddable":true,"href":"https:\/\/emprendeconellas.com\/index.php\/wp-json\/wp\/v2\/comments?post=826"}],"wp:featuredmedia":[{"embeddable":true,"href":"https:\/\/emprendeconellas.com\/index.php\/wp-json\/wp\/v2\/media\/491"}],"wp:attachment":[{"href":"https:\/\/emprendeconellas.com\/index.php\/wp-json\/wp\/v2\/media?parent=826"}],"wp:term":[{"taxonomy":"product_brand","embeddable":true,"href":"https:\/\/emprendeconellas.com\/index.php\/wp-json\/wp\/v2\/product_brand?post=826"},{"taxonomy":"product_cat","embeddable":true,"href":"https:\/\/emprendeconellas.com\/index.php\/wp-json\/wp\/v2\/product_cat?post=826"},{"taxonomy":"product_tag","embeddable":true,"href":"https:\/\/emprendeconellas.com\/index.php\/wp-json\/wp\/v2\/product_tag?post=826"}],"curies":[{"name":"wp","href":"https:\/\/api.w.org\/{rel}","templated":true}]}}