{"id":812,"date":"2024-11-14T15:40:29","date_gmt":"2024-11-14T21:40:29","guid":{"rendered":"https:\/\/emprendeconellas.com\/index.php\/product\/camiseta-de-uniforme-de-preescolar\/"},"modified":"2025-06-09T16:16:25","modified_gmt":"2025-06-09T22:16:25","slug":"camiseta-de-uniforme-de-preescolar","status":"publish","type":"product","link":"https:\/\/emprendeconellas.com\/index.php\/product\/camiseta-de-uniforme-de-preescolar\/","title":{"rendered":"Camiseta de uniforme de preescolar"},"content":{"rendered":"<p>Camiseta escolar confeccionada en tela yip, liviana, fresca y resistente, ideal para el uso diario de ni\u00f1os y ni\u00f1as en etapa preescolar.<\/p>\n<p>Dise\u00f1ada con cuello en V para mayor comodidad y estilo, y con bordado personalizado. Puede llevar el logo de la instituci\u00f3n seg\u00fan requerimiento.<\/p>\n","protected":false},"excerpt":{"rendered":"<p>Violet Design<\/p>\n","protected":false},"featured_media":1700,"comment_status":"open","ping_status":"closed","template":"","meta":{"om_disable_all_campaigns":false,"_monsterinsights_skip_tracking":false,"_monsterinsights_sitenote_active":false,"_monsterinsights_sitenote_note":"","_monsterinsights_sitenote_category":0},"product_brand":[],"product_cat":[24],"product_tag":[],"class_list":{"0":"post-812","1":"product","2":"type-product","3":"status-publish","4":"has-post-thumbnail","6":"product_cat-confeccion-costura","8":"first","9":"instock","10":"shipping-taxable","11":"purchasable","12":"product-type-variable"},"aioseo_notices":[],"jetpack_sharing_enabled":true,"_links":{"self":[{"href":"https:\/\/emprendeconellas.com\/index.php\/wp-json\/wp\/v2\/product\/812","targetHints":{"allow":["GET"]}}],"collection":[{"href":"https:\/\/emprendeconellas.com\/index.php\/wp-json\/wp\/v2\/product"}],"about":[{"href":"https:\/\/emprendeconellas.com\/index.php\/wp-json\/wp\/v2\/types\/product"}],"replies":[{"embeddable":true,"href":"https:\/\/emprendeconellas.com\/index.php\/wp-json\/wp\/v2\/comments?post=812"}],"wp:featuredmedia":[{"embeddable":true,"href":"https:\/\/emprendeconellas.com\/index.php\/wp-json\/wp\/v2\/media\/1700"}],"wp:attachment":[{"href":"https:\/\/emprendeconellas.com\/index.php\/wp-json\/wp\/v2\/media?parent=812"}],"wp:term":[{"taxonomy":"product_brand","embeddable":true,"href":"https:\/\/emprendeconellas.com\/index.php\/wp-json\/wp\/v2\/product_brand?post=812"},{"taxonomy":"product_cat","embeddable":true,"href":"https:\/\/emprendeconellas.com\/index.php\/wp-json\/wp\/v2\/product_cat?post=812"},{"taxonomy":"product_tag","embeddable":true,"href":"https:\/\/emprendeconellas.com\/index.php\/wp-json\/wp\/v2\/product_tag?post=812"}],"curies":[{"name":"wp","href":"https:\/\/api.w.org\/{rel}","templated":true}]}}