{"id":811,"date":"2024-11-14T15:40:28","date_gmt":"2024-11-14T21:40:28","guid":{"rendered":"https:\/\/emprendeconellas.com\/index.php\/product\/bolso-para-preescolar\/"},"modified":"2025-06-03T14:34:35","modified_gmt":"2025-06-03T20:34:35","slug":"bolso-para-preescolar","status":"publish","type":"product","link":"https:\/\/emprendeconellas.com\/index.php\/product\/bolso-para-preescolar\/","title":{"rendered":"Bolso para preescolar"},"content":{"rendered":"<p>Bolso dise\u00f1ado especialmente para ni\u00f1os y ni\u00f1as en etapa preescolar. Confeccionado con tela rodeo, resistente y f\u00e1cil de limpiar, ideal para el uso diario.<\/p>\n<p>Est\u00e1 forrado con espuma para mayor protecci\u00f3n y comodidad, y cuenta con tiras ajustables que se adaptan al tama\u00f1o del menor. Incluye una etiqueta en la parte trasera para colocar el nombre, lo que facilita su identificaci\u00f3n.<\/p>\n<p>Las medidas del bolso son: 28 cm de alto x 24 cm de ancho.<\/p>\n<p>Puede personalizarse con el logo bordado de la instituci\u00f3n.<\/p>\n","protected":false},"excerpt":{"rendered":"<p>Violet Design<\/p>\n","protected":false},"featured_media":1703,"comment_status":"open","ping_status":"closed","template":"","meta":{"om_disable_all_campaigns":false,"_monsterinsights_skip_tracking":false,"_monsterinsights_sitenote_active":false,"_monsterinsights_sitenote_note":"","_monsterinsights_sitenote_category":0},"product_brand":[],"product_cat":[24],"product_tag":[],"class_list":{"0":"post-811","1":"product","2":"type-product","3":"status-publish","4":"has-post-thumbnail","6":"product_cat-confeccion-costura","8":"first","9":"instock","10":"shipping-taxable","11":"purchasable","12":"product-type-simple"},"aioseo_notices":[],"jetpack_sharing_enabled":true,"_links":{"self":[{"href":"https:\/\/emprendeconellas.com\/index.php\/wp-json\/wp\/v2\/product\/811","targetHints":{"allow":["GET"]}}],"collection":[{"href":"https:\/\/emprendeconellas.com\/index.php\/wp-json\/wp\/v2\/product"}],"about":[{"href":"https:\/\/emprendeconellas.com\/index.php\/wp-json\/wp\/v2\/types\/product"}],"replies":[{"embeddable":true,"href":"https:\/\/emprendeconellas.com\/index.php\/wp-json\/wp\/v2\/comments?post=811"}],"wp:featuredmedia":[{"embeddable":true,"href":"https:\/\/emprendeconellas.com\/index.php\/wp-json\/wp\/v2\/media\/1703"}],"wp:attachment":[{"href":"https:\/\/emprendeconellas.com\/index.php\/wp-json\/wp\/v2\/media?parent=811"}],"wp:term":[{"taxonomy":"product_brand","embeddable":true,"href":"https:\/\/emprendeconellas.com\/index.php\/wp-json\/wp\/v2\/product_brand?post=811"},{"taxonomy":"product_cat","embeddable":true,"href":"https:\/\/emprendeconellas.com\/index.php\/wp-json\/wp\/v2\/product_cat?post=811"},{"taxonomy":"product_tag","embeddable":true,"href":"https:\/\/emprendeconellas.com\/index.php\/wp-json\/wp\/v2\/product_tag?post=811"}],"curies":[{"name":"wp","href":"https:\/\/api.w.org\/{rel}","templated":true}]}}