{"id":810,"date":"2024-11-14T15:40:28","date_gmt":"2024-11-14T21:40:28","guid":{"rendered":"https:\/\/emprendeconellas.com\/index.php\/product\/abrigo-de-uniforme-de-preescolar\/"},"modified":"2025-06-03T14:30:56","modified_gmt":"2025-06-03T20:30:56","slug":"abrigo-de-uniforme-de-preescolar","status":"publish","type":"product","link":"https:\/\/emprendeconellas.com\/index.php\/product\/abrigo-de-uniforme-de-preescolar\/","title":{"rendered":"Abrigo de uniforme de preescolar"},"content":{"rendered":"<p>Abrigo confeccionado con tela rodeo, resistente y de alta durabilidad, ideal para el uso diario de estudiantes. Cuenta con forro interno tipo kiana, que ofrece mayor abrigo y comodidad.<\/p>\n<p>Dise\u00f1ado con zipper frontal desmontable y resorte en pu\u00f1os y cintura, lo que permite un ajuste c\u00f3modo y pr\u00e1ctico. En la parte trasera incluye una etiqueta para escribir el nombre del estudiante. El abrigo lleva el logo institucional bordado.<\/p>\n","protected":false},"excerpt":{"rendered":"<p>Violet Design<\/p>\n","protected":false},"featured_media":1707,"comment_status":"open","ping_status":"closed","template":"","meta":{"om_disable_all_campaigns":false,"_monsterinsights_skip_tracking":false,"_monsterinsights_sitenote_active":false,"_monsterinsights_sitenote_note":"","_monsterinsights_sitenote_category":0},"product_brand":[],"product_cat":[24],"product_tag":[],"class_list":{"0":"post-810","1":"product","2":"type-product","3":"status-publish","4":"has-post-thumbnail","6":"product_cat-confeccion-costura","8":"first","9":"instock","10":"shipping-taxable","11":"purchasable","12":"product-type-variable"},"aioseo_notices":[],"jetpack_sharing_enabled":true,"_links":{"self":[{"href":"https:\/\/emprendeconellas.com\/index.php\/wp-json\/wp\/v2\/product\/810","targetHints":{"allow":["GET"]}}],"collection":[{"href":"https:\/\/emprendeconellas.com\/index.php\/wp-json\/wp\/v2\/product"}],"about":[{"href":"https:\/\/emprendeconellas.com\/index.php\/wp-json\/wp\/v2\/types\/product"}],"replies":[{"embeddable":true,"href":"https:\/\/emprendeconellas.com\/index.php\/wp-json\/wp\/v2\/comments?post=810"}],"wp:featuredmedia":[{"embeddable":true,"href":"https:\/\/emprendeconellas.com\/index.php\/wp-json\/wp\/v2\/media\/1707"}],"wp:attachment":[{"href":"https:\/\/emprendeconellas.com\/index.php\/wp-json\/wp\/v2\/media?parent=810"}],"wp:term":[{"taxonomy":"product_brand","embeddable":true,"href":"https:\/\/emprendeconellas.com\/index.php\/wp-json\/wp\/v2\/product_brand?post=810"},{"taxonomy":"product_cat","embeddable":true,"href":"https:\/\/emprendeconellas.com\/index.php\/wp-json\/wp\/v2\/product_cat?post=810"},{"taxonomy":"product_tag","embeddable":true,"href":"https:\/\/emprendeconellas.com\/index.php\/wp-json\/wp\/v2\/product_tag?post=810"}],"curies":[{"name":"wp","href":"https:\/\/api.w.org\/{rel}","templated":true}]}}