{"id":1903,"date":"2025-07-04T11:40:55","date_gmt":"2025-07-04T17:40:55","guid":{"rendered":"https:\/\/emprendeconellas.com\/?post_type=product&#038;p=1903"},"modified":"2025-07-04T11:42:14","modified_gmt":"2025-07-04T17:42:14","slug":"queque-de-melocoton","status":"publish","type":"product","link":"https:\/\/emprendeconellas.com\/index.php\/product\/queque-de-melocoton\/","title":{"rendered":"Queque de Melocot\u00f3n"},"content":{"rendered":"<p><span style=\"font-weight: 400;\">Queque de melocot\u00f3n elaborado sin gluten, case\u00edna, soya ni az\u00facar refinada. Gracias a su formulaci\u00f3n, este producto no solo es apto para personas con alergias alimentarias, sino que tambi\u00e9n contribuye al mantenimiento de una microbiota intestinal saludable.<\/span><\/p>\n<p><b>Peso neto aproximado:<\/b><span style=\"font-weight: 400;\"> 1200 g<\/span><\/p>\n","protected":false},"excerpt":{"rendered":"<p>La Merienda Positiva<\/p>\n","protected":false},"featured_media":1909,"comment_status":"open","ping_status":"closed","template":"","meta":{"om_disable_all_campaigns":false,"_monsterinsights_skip_tracking":false,"_monsterinsights_sitenote_active":false,"_monsterinsights_sitenote_note":"","_monsterinsights_sitenote_category":0},"product_brand":[],"product_cat":[84],"product_tag":[],"class_list":{"0":"post-1903","1":"product","2":"type-product","3":"status-publish","4":"has-post-thumbnail","6":"product_cat-alimentos-varios","8":"first","9":"instock","10":"shipping-taxable","11":"purchasable","12":"product-type-simple"},"aioseo_notices":[],"jetpack_sharing_enabled":true,"_links":{"self":[{"href":"https:\/\/emprendeconellas.com\/index.php\/wp-json\/wp\/v2\/product\/1903","targetHints":{"allow":["GET"]}}],"collection":[{"href":"https:\/\/emprendeconellas.com\/index.php\/wp-json\/wp\/v2\/product"}],"about":[{"href":"https:\/\/emprendeconellas.com\/index.php\/wp-json\/wp\/v2\/types\/product"}],"replies":[{"embeddable":true,"href":"https:\/\/emprendeconellas.com\/index.php\/wp-json\/wp\/v2\/comments?post=1903"}],"wp:featuredmedia":[{"embeddable":true,"href":"https:\/\/emprendeconellas.com\/index.php\/wp-json\/wp\/v2\/media\/1909"}],"wp:attachment":[{"href":"https:\/\/emprendeconellas.com\/index.php\/wp-json\/wp\/v2\/media?parent=1903"}],"wp:term":[{"taxonomy":"product_brand","embeddable":true,"href":"https:\/\/emprendeconellas.com\/index.php\/wp-json\/wp\/v2\/product_brand?post=1903"},{"taxonomy":"product_cat","embeddable":true,"href":"https:\/\/emprendeconellas.com\/index.php\/wp-json\/wp\/v2\/product_cat?post=1903"},{"taxonomy":"product_tag","embeddable":true,"href":"https:\/\/emprendeconellas.com\/index.php\/wp-json\/wp\/v2\/product_tag?post=1903"}],"curies":[{"name":"wp","href":"https:\/\/api.w.org\/{rel}","templated":true}]}}