{"id":1469,"date":"2025-01-17T16:21:58","date_gmt":"2025-01-17T22:21:58","guid":{"rendered":"https:\/\/emprendeconellas.com\/?post_type=product&#038;p=1469"},"modified":"2025-06-25T17:04:06","modified_gmt":"2025-06-25T23:04:06","slug":"angelito-baby","status":"publish","type":"product","link":"https:\/\/emprendeconellas.com\/index.php\/product\/angelito-baby\/","title":{"rendered":"Zapato modelo Angelito Baby"},"content":{"rendered":"<p><span style=\"font-weight: 400;\">Zapatito para beb\u00e9, caracterizado por su dise\u00f1o delicado y tradicional, estilo de los famosos \u201cAngel Baby\u201d. Est\u00e1 hecho de un material de cuero suave, en tono rosa p\u00e1lido, celeste y cava. Tiene detalles finos en su parte superior, con un borde recortado que da una sensaci\u00f3n de elegancia y ternura. Tambi\u00e9n incluye una cinta de sat\u00e9n para amarrar, que a\u00f1ade un toque de sofisticaci\u00f3n y permite un ajuste c\u00f3modo en el pie del beb\u00e9.<\/span><\/p>\n","protected":false},"excerpt":{"rendered":"<p><span data-sheets-root=\"1\">Victoria&#8217;s Dream CR<\/span><\/p>\n","protected":false},"featured_media":1811,"comment_status":"open","ping_status":"closed","template":"","meta":{"om_disable_all_campaigns":false,"_monsterinsights_skip_tracking":false,"_monsterinsights_sitenote_active":false,"_monsterinsights_sitenote_note":"","_monsterinsights_sitenote_category":0},"product_brand":[],"product_cat":[24],"product_tag":[],"class_list":{"0":"post-1469","1":"product","2":"type-product","3":"status-publish","4":"has-post-thumbnail","6":"product_cat-confeccion-costura","8":"first","9":"instock","10":"shipping-taxable","11":"purchasable","12":"product-type-variable"},"aioseo_notices":[],"jetpack_sharing_enabled":true,"_links":{"self":[{"href":"https:\/\/emprendeconellas.com\/index.php\/wp-json\/wp\/v2\/product\/1469","targetHints":{"allow":["GET"]}}],"collection":[{"href":"https:\/\/emprendeconellas.com\/index.php\/wp-json\/wp\/v2\/product"}],"about":[{"href":"https:\/\/emprendeconellas.com\/index.php\/wp-json\/wp\/v2\/types\/product"}],"replies":[{"embeddable":true,"href":"https:\/\/emprendeconellas.com\/index.php\/wp-json\/wp\/v2\/comments?post=1469"}],"wp:featuredmedia":[{"embeddable":true,"href":"https:\/\/emprendeconellas.com\/index.php\/wp-json\/wp\/v2\/media\/1811"}],"wp:attachment":[{"href":"https:\/\/emprendeconellas.com\/index.php\/wp-json\/wp\/v2\/media?parent=1469"}],"wp:term":[{"taxonomy":"product_brand","embeddable":true,"href":"https:\/\/emprendeconellas.com\/index.php\/wp-json\/wp\/v2\/product_brand?post=1469"},{"taxonomy":"product_cat","embeddable":true,"href":"https:\/\/emprendeconellas.com\/index.php\/wp-json\/wp\/v2\/product_cat?post=1469"},{"taxonomy":"product_tag","embeddable":true,"href":"https:\/\/emprendeconellas.com\/index.php\/wp-json\/wp\/v2\/product_tag?post=1469"}],"curies":[{"name":"wp","href":"https:\/\/api.w.org\/{rel}","templated":true}]}}