{"id":94,"date":"2024-05-25T17:04:45","date_gmt":"2024-05-25T23:04:45","guid":{"rendered":"https:\/\/emprendeconellas.com\/?page_id=94"},"modified":"2025-02-25T16:52:25","modified_gmt":"2025-02-25T22:52:25","slug":"home","status":"publish","type":"page","link":"https:\/\/emprendeconellas.com\/","title":{"rendered":"Inicio"},"content":{"rendered":"\n<p class=\"has-text-align-center has-luminous-vivid-orange-color has-text-color has-link-color has-large-font-size wp-elements-c7f962ee6d1544790b8e46d3667071b8\"><mark style=\"background-color:rgba(0, 0, 0, 0)\" class=\"has-inline-color has-black-color\">\u00a1<strong>Bienvenidas a Emprende con Ellas<\/strong>!<\/mark><\/p>\n\n\n\n<p class=\"has-text-align-justify justificar has-black-color has-text-color has-link-color has-medium-font-size wp-elements-a1bf410c9de29b5b93adbce0336766f0\">Emprende con ellas, es un grupo de mujeres emprendedoras del cant\u00f3n de San Ram\u00f3n de Alajuela, que lideran en femenino y crecen en comunidad.\u00a0 El objetivo es tener un espacio para promocionar y vender los productos y servicios que hacen, conectando con otros mercados y creciendo juntas hacia un futuro m\u00e1s equitativo y fuerte. <\/p>\n\n\n<div class=\"wp-block-image\">\n<figure class=\"aligncenter is-resized\"><img loading=\"lazy\" decoding=\"async\" width=\"1000\" height=\"350\" src=\"https:\/\/emprendeconellas.com\/wp-content\/uploads\/2024\/06\/cropped-2.png\" alt=\"\" class=\"wp-image-197\" style=\"width:834px;height:auto\" srcset=\"https:\/\/emprendeconellas.com\/wp-content\/uploads\/2024\/06\/cropped-2.png 1000w, https:\/\/emprendeconellas.com\/wp-content\/uploads\/2024\/06\/cropped-2-300x105.png 300w, https:\/\/emprendeconellas.com\/wp-content\/uploads\/2024\/06\/cropped-2-768x269.png 768w, https:\/\/emprendeconellas.com\/wp-content\/uploads\/2024\/06\/cropped-2-600x210.png 600w\" sizes=\"auto, (max-width: 1000px) 100vw, 1000px\" \/><\/figure><\/div>\n\n\n<hr class=\"wp-block-separator has-alpha-channel-opacity\"\/>\n\n\n\n<h2 class=\"wp-block-heading\"><strong><mark style=\"background-color:rgba(0, 0, 0, 0)\" class=\"has-inline-color has-black-color\">\u00bfQui\u00e9nes Somos?<\/mark><\/strong><\/h2>\n\n\n\n<div class=\"wp-block-columns is-layout-flex wp-container-core-columns-is-layout-9d6595d7 wp-block-columns-is-layout-flex\">\n<div class=\"wp-block-column is-layout-flow wp-block-column-is-layout-flow\" style=\"flex-basis:66.66%\">\n<p class=\"has-text-align-justify justificar has-medium-font-size\"><mark style=\"background-color:rgba(0, 0, 0, 0)\" class=\"has-inline-color has-black-color\">Somos una plataforma creada exclusivamente para que mujeres emprendedoras del cant\u00f3n de San Ram\u00f3n de Alajuela, puedan promocionar y vender sus productos y servicios.\u00a0 Nace a partir del proyecto TCU 781 Fortalecimiento de las microempresas lideras por mujeres de la Universidad de Costa Rica.<\/mark><\/p>\n<\/div>\n\n\n\n<div class=\"wp-block-column is-layout-flow wp-block-column-is-layout-flow\" style=\"flex-basis:33.33%\">\n<figure class=\"wp-block-image size-full is-resized\"><img loading=\"lazy\" decoding=\"async\" width=\"500\" height=\"350\" src=\"https:\/\/emprendeconellas.com\/wp-content\/uploads\/2024\/06\/Diseno-sin-titulo.png\" alt=\"\" class=\"wp-image-219\" style=\"width:276px;height:auto\" srcset=\"https:\/\/emprendeconellas.com\/wp-content\/uploads\/2024\/06\/Diseno-sin-titulo.png 500w, https:\/\/emprendeconellas.com\/wp-content\/uploads\/2024\/06\/Diseno-sin-titulo-300x210.png 300w\" sizes=\"auto, (max-width: 500px) 100vw, 500px\" \/><\/figure>\n<\/div>\n<\/div>\n\n\n\n<p class=\"has-text-align-justify\"><\/p>\n\n\n\n<h2 class=\"wp-block-heading\"><strong><mark style=\"background-color:rgba(0, 0, 0, 0)\" class=\"has-inline-color has-black-color\">Productos \u00danicos, Historias \u00danicas<\/mark><\/strong><\/h2>\n\n\n\n<div class=\"wp-block-columns is-layout-flex wp-container-core-columns-is-layout-9d6595d7 wp-block-columns-is-layout-flex\">\n<div class=\"wp-block-column is-layout-flow wp-block-column-is-layout-flow\">\n<figure class=\"wp-block-image size-full\"><img loading=\"lazy\" decoding=\"async\" width=\"1000\" height=\"350\" src=\"https:\/\/emprendeconellas.com\/wp-content\/uploads\/2024\/06\/cropped-3.png\" alt=\"\" class=\"wp-image-198\" srcset=\"https:\/\/emprendeconellas.com\/wp-content\/uploads\/2024\/06\/cropped-3.png 1000w, https:\/\/emprendeconellas.com\/wp-content\/uploads\/2024\/06\/cropped-3-300x105.png 300w, https:\/\/emprendeconellas.com\/wp-content\/uploads\/2024\/06\/cropped-3-768x269.png 768w, https:\/\/emprendeconellas.com\/wp-content\/uploads\/2024\/06\/cropped-3-600x210.png 600w\" sizes=\"auto, (max-width: 1000px) 100vw, 1000px\" \/><\/figure>\n<\/div>\n<\/div>\n\n\n\n<p class=\"has-text-align-justify justificar has-medium-font-size\"><mark style=\"background-color:rgba(0, 0, 0, 0)\" class=\"has-inline-color has-black-color\">Cada producto en nuestro sitio cuenta una historia. Desde artesan\u00edas hechas a mano hasta productos alimenticios frescos y saludables, nuestras emprendedoras ponen su coraz\u00f3n y alma en todo lo que hacen. Al comprar en EmprendeConEllas, no solo adquieres productos de calidad, sino que tambi\u00e9n apoyas a mujeres emprendedoras y contribuyes al desarrollo econ\u00f3mico de la comunidad.<\/mark><\/p>\n\n\n\n<hr class=\"wp-block-separator has-alpha-channel-opacity\"\/>\n\n\n\n<div style=\"height:100px\" aria-hidden=\"true\" class=\"wp-block-spacer\"><\/div>\n\n\n\n<div class=\"wp-block-columns is-layout-flex wp-container-core-columns-is-layout-9d6595d7 wp-block-columns-is-layout-flex\">\n<div class=\"wp-block-column is-vertically-aligned-stretch has-black-color has-text-color has-link-color has-medium-font-size wp-elements-c9028d7ed64ca141713cea3100f0f54d is-layout-flow wp-block-column-is-layout-flow\">\n<p class=\"has-large-font-size\"><strong><mark style=\"background-color:rgba(0, 0, 0, 0)\" class=\"has-inline-color has-black-color\">Misi\u00f3n<\/mark><\/strong><\/p>\n\n\n\n<p class=\"justificar\">Somos una comunidad de mujeres emprendedoras comprometidas con fortalecer nuestra autonom\u00eda econ\u00f3mica. A trav\u00e9s de una plataforma digital, buscamos impulsar la comercializaci\u00f3n de nuestros productos y servicios, creando un espacio de colaboraci\u00f3n que potencie nuestras empresas y promueva el crecimiento personal y profesional de cada una. Juntas, trabajamos para liderar en el mundo de los negocios, contribuyendo al desarrollo social y al bienestar de la comunidad.\u00a0 <\/p>\n<\/div>\n\n\n\n<div class=\"wp-block-column is-vertically-aligned-stretch has-black-color has-text-color has-link-color has-medium-font-size wp-elements-0e528c8da573ecc7fe44b9c3777cc6af is-layout-flow wp-block-column-is-layout-flow\">\n<p class=\"has-large-font-size\"><strong>Visi\u00f3n<\/strong><\/p>\n\n\n\n<p class=\"justificar\">Ser una comunidad de mujeres emprendedoras empoderadas, que lideran con valent\u00eda, creatividad y determinaci\u00f3n, creando conexiones aut\u00e9nticas que impulsan el crecimiento colectivo y el \u00e9xito compartido.<\/p>\n<\/div>\n\n\n\n<div class=\"wp-block-column is-vertically-aligned-stretch has-black-color has-text-color has-link-color has-medium-font-size wp-elements-b539c7e9e322d07370d30f424612fd16 is-layout-flow wp-block-column-is-layout-flow\">\n<p class=\"has-large-font-size\"><strong>Valores<\/strong><\/p>\n\n\n\n<p>Autenticidad<\/p>\n\n\n\n<p>Colaboraci\u00f3n<\/p>\n\n\n\n<p>Sostenibilidad<\/p>\n\n\n\n<p>Calidad<\/p>\n\n\n\n<p>Compromiso<\/p>\n<\/div>\n<\/div>\n\n\n\n<p><\/p>\n\n\n\n<div class=\"wp-block-columns is-layout-flex wp-container-core-columns-is-layout-9d6595d7 wp-block-columns-is-layout-flex\">\n<div class=\"wp-block-column is-layout-flow wp-block-column-is-layout-flow\"><\/div>\n\n\n\n<div class=\"wp-block-column is-layout-flow wp-block-column-is-layout-flow\"><\/div>\n\n\n\n<div class=\"wp-block-column is-layout-flow wp-block-column-is-layout-flow\"><\/div>\n<\/div>\n","protected":false},"excerpt":{"rendered":"<p>\u00a1Bienvenidas a Emprende con Ellas! Emprende con ellas, es un grupo de mujeres emprendedoras del cant\u00f3n de San Ram\u00f3n de Alajuela, que lideran en femenino y crecen en comunidad.\u00a0 El objetivo es tener un espacio para promocionar y vender los productos y servicios que hacen, conectando con otros mercados y creciendo juntas hacia un futuro<\/p>\n<div class=\"more-link\">\n\t\t\t\t <a href=\"https:\/\/emprendeconellas.com\/\" class=\"link-btn\"><span>Seguir leyendo <\/span> <i class=\"icofont-thin-double-right\"><\/i><\/a>\n\t\t\t<\/div>\n","protected":false},"author":1,"featured_media":0,"parent":0,"menu_order":0,"comment_status":"closed","ping_status":"closed","template":"","meta":{"om_disable_all_campaigns":false,"_monsterinsights_skip_tracking":false,"_monsterinsights_sitenote_active":false,"_monsterinsights_sitenote_note":"","_monsterinsights_sitenote_category":0,"footnotes":""},"class_list":["post-94","page","type-page","status-publish","hentry"],"aioseo_notices":[],"jetpack_sharing_enabled":true,"_links":{"self":[{"href":"https:\/\/emprendeconellas.com\/index.php\/wp-json\/wp\/v2\/pages\/94","targetHints":{"allow":["GET"]}}],"collection":[{"href":"https:\/\/emprendeconellas.com\/index.php\/wp-json\/wp\/v2\/pages"}],"about":[{"href":"https:\/\/emprendeconellas.com\/index.php\/wp-json\/wp\/v2\/types\/page"}],"author":[{"embeddable":true,"href":"https:\/\/emprendeconellas.com\/index.php\/wp-json\/wp\/v2\/users\/1"}],"replies":[{"embeddable":true,"href":"https:\/\/emprendeconellas.com\/index.php\/wp-json\/wp\/v2\/comments?post=94"}],"version-history":[{"count":34,"href":"https:\/\/emprendeconellas.com\/index.php\/wp-json\/wp\/v2\/pages\/94\/revisions"}],"predecessor-version":[{"id":1549,"href":"https:\/\/emprendeconellas.com\/index.php\/wp-json\/wp\/v2\/pages\/94\/revisions\/1549"}],"wp:attachment":[{"href":"https:\/\/emprendeconellas.com\/index.php\/wp-json\/wp\/v2\/media?parent=94"}],"curies":[{"name":"wp","href":"https:\/\/api.w.org\/{rel}","templated":true}]}}