{"id":1157,"date":"2024-12-26T17:17:12","date_gmt":"2024-12-26T23:17:12","guid":{"rendered":"https:\/\/emprendeconellas.com\/?page_id=1157"},"modified":"2025-10-08T22:45:28","modified_gmt":"2025-10-09T04:45:28","slug":"alimentos-personalizados","status":"publish","type":"page","link":"https:\/\/emprendeconellas.com\/index.php\/alimentos-personalizados\/","title":{"rendered":"Alimentos Personalizados"},"content":{"rendered":"\n<p class=\"has-black-color has-text-color has-link-color has-large-font-size wp-elements-7fab9c4598bbc1b6c5babae9beb5240e\"><strong>Informaci\u00f3n de alimentos<\/strong><\/p>\n\n\n\n<p class=\"justificar has-black-color has-text-color has-link-color has-medium-font-size wp-elements-91bc0fcf447aa718275c00ef9dbefcfd\">Explora los servicios que ofrecemos y d\u00e9jate sorprender por la calidad, dedicaci\u00f3n e innovaci\u00f3n que caracterizan a nuestras microempresarias.<\/p>\n\n\n\n<hr class=\"wp-block-separator has-alpha-channel-opacity is-style-wide\"\/>\n\n\n\n<div style=\"height:100px\" aria-hidden=\"true\" class=\"wp-block-spacer\"><\/div>\n\n\n\n<p class=\"has-black-color has-text-color has-link-color has-medium-font-size wp-elements-218942ca8424061cfe025c7b2817ba8e\"><strong>Delicias de Ruth &#8211; Ruth Garc\u00eda Gonz\u00e1lez<\/strong><\/p>\n\n\n\n<p class=\"has-black-color has-text-color has-link-color has-medium-font-size wp-elements-010d3c67873d277e64042ba1f36bd07d\">Ofrecemos una deliciosa variedad de productos alimenticios personalizadas para satisfacer tus gustos y necesidades. Disfruta de nuestros <strong>presti\u00f1os, picadillo, arroz con leche, tamal asado<\/strong> <strong>y pi\u00f1as de tamal<\/strong>, elaborados con ingredientes de calidad y ajustados a tus preferencias. Adem\u00e1s, contamos con precios flexibles seg\u00fan el tama\u00f1o de la porci\u00f3n que elijas.<\/p>\n\n\n\n<div class=\"wp-block-jetpack-send-a-message\">\n<div class=\"wp-block-jetpack-whatsapp-button is-color-dark\"><a class=\"whatsapp-block__button\" href=\"https:\/\/api.whatsapp.com\/send?phone=50684672094&amp;text=Hola%2C%20tengo%20la%20informaci%C3%B3n%20de%20WhatsApp%20de%20tu%20web.\" style=\"background-color:#25D366;color:#fff\" target=\"_self\" rel=\"noopener noreferrer\">Charlar en WhatsApp<\/a><\/div>\n<\/div>\n\n\n\n<div class=\"wp-block-jetpack-slideshow aligncenter\" data-effect=\"slide\"><div class=\"wp-block-jetpack-slideshow_container swiper\"><ul class=\"wp-block-jetpack-slideshow_swiper-wrapper swiper-wrapper\"><li class=\"wp-block-jetpack-slideshow_slide swiper-slide\"><figure><img loading=\"lazy\" decoding=\"async\" width=\"576\" height=\"1024\" alt=\"\" class=\"wp-block-jetpack-slideshow_image wp-image-1330\" data-id=\"1330\" src=\"https:\/\/emprendeconellas.com\/wp-content\/uploads\/2025\/01\/3c0f96f7-97bb-413f-849d-c52485a0cec6-576x1024.jpg\" srcset=\"https:\/\/emprendeconellas.com\/wp-content\/uploads\/2025\/01\/3c0f96f7-97bb-413f-849d-c52485a0cec6-576x1024.jpg 576w, https:\/\/emprendeconellas.com\/wp-content\/uploads\/2025\/01\/3c0f96f7-97bb-413f-849d-c52485a0cec6-169x300.jpg 169w, https:\/\/emprendeconellas.com\/wp-content\/uploads\/2025\/01\/3c0f96f7-97bb-413f-849d-c52485a0cec6-600x1067.jpg 600w, https:\/\/emprendeconellas.com\/wp-content\/uploads\/2025\/01\/3c0f96f7-97bb-413f-849d-c52485a0cec6.jpg 720w\" sizes=\"(max-width: 576px) 100vw, 576px\" \/><\/figure><\/li><li class=\"wp-block-jetpack-slideshow_slide swiper-slide\"><figure><img loading=\"lazy\" decoding=\"async\" width=\"826\" height=\"1024\" alt=\"\" class=\"wp-block-jetpack-slideshow_image wp-image-1335\" data-id=\"1335\" src=\"https:\/\/emprendeconellas.com\/wp-content\/uploads\/2025\/01\/Ruth-2-826x1024.jpg\" srcset=\"https:\/\/emprendeconellas.com\/wp-content\/uploads\/2025\/01\/Ruth-2-826x1024.jpg 826w, https:\/\/emprendeconellas.com\/wp-content\/uploads\/2025\/01\/Ruth-2-242x300.jpg 242w, https:\/\/emprendeconellas.com\/wp-content\/uploads\/2025\/01\/Ruth-2-768x952.jpg 768w, https:\/\/emprendeconellas.com\/wp-content\/uploads\/2025\/01\/Ruth-2-1240x1536.jpg 1240w, https:\/\/emprendeconellas.com\/wp-content\/uploads\/2025\/01\/Ruth-2-1653x2048.jpg 1653w, https:\/\/emprendeconellas.com\/wp-content\/uploads\/2025\/01\/Ruth-2-1320x1635.jpg 1320w, https:\/\/emprendeconellas.com\/wp-content\/uploads\/2025\/01\/Ruth-2-600x743.jpg 600w\" sizes=\"(max-width: 826px) 100vw, 826px\" \/><\/figure><\/li><li class=\"wp-block-jetpack-slideshow_slide swiper-slide\"><figure><img loading=\"lazy\" decoding=\"async\" width=\"701\" height=\"1024\" alt=\"\" class=\"wp-block-jetpack-slideshow_image wp-image-1560\" data-id=\"1560\" src=\"https:\/\/emprendeconellas.com\/wp-content\/uploads\/2025\/03\/IMG-20250307-WA0010-701x1024.jpg\" srcset=\"https:\/\/emprendeconellas.com\/wp-content\/uploads\/2025\/03\/IMG-20250307-WA0010-701x1024.jpg 701w, https:\/\/emprendeconellas.com\/wp-content\/uploads\/2025\/03\/IMG-20250307-WA0010-205x300.jpg 205w, https:\/\/emprendeconellas.com\/wp-content\/uploads\/2025\/03\/IMG-20250307-WA0010-768x1122.jpg 768w, https:\/\/emprendeconellas.com\/wp-content\/uploads\/2025\/03\/IMG-20250307-WA0010-600x877.jpg 600w, https:\/\/emprendeconellas.com\/wp-content\/uploads\/2025\/03\/IMG-20250307-WA0010.jpg 876w\" sizes=\"(max-width: 701px) 100vw, 701px\" \/><\/figure><\/li><li class=\"wp-block-jetpack-slideshow_slide swiper-slide\"><figure><img loading=\"lazy\" decoding=\"async\" width=\"461\" height=\"1024\" alt=\"\" class=\"wp-block-jetpack-slideshow_image wp-image-1558\" data-id=\"1558\" src=\"https:\/\/emprendeconellas.com\/wp-content\/uploads\/2025\/03\/IMG-20250307-WA0013-461x1024.jpg\"\/><\/figure><\/li><li class=\"wp-block-jetpack-slideshow_slide swiper-slide\"><figure><img loading=\"lazy\" decoding=\"async\" width=\"461\" height=\"1024\" alt=\"\" class=\"wp-block-jetpack-slideshow_image wp-image-1559\" data-id=\"1559\" src=\"https:\/\/emprendeconellas.com\/wp-content\/uploads\/2025\/03\/IMG-20250307-WA0014-461x1024.jpg\"\/><\/figure><\/li><li class=\"wp-block-jetpack-slideshow_slide swiper-slide\"><figure><img loading=\"lazy\" decoding=\"async\" width=\"1024\" height=\"461\" alt=\"\" class=\"wp-block-jetpack-slideshow_image wp-image-1556\" data-id=\"1556\" src=\"https:\/\/emprendeconellas.com\/wp-content\/uploads\/2025\/03\/IMG-20250307-WA0018-1024x461.jpg\" srcset=\"https:\/\/emprendeconellas.com\/wp-content\/uploads\/2025\/03\/IMG-20250307-WA0018-1024x461.jpg 1024w, https:\/\/emprendeconellas.com\/wp-content\/uploads\/2025\/03\/IMG-20250307-WA0018-300x135.jpg 300w, https:\/\/emprendeconellas.com\/wp-content\/uploads\/2025\/03\/IMG-20250307-WA0018-768x346.jpg 768w, https:\/\/emprendeconellas.com\/wp-content\/uploads\/2025\/03\/IMG-20250307-WA0018-600x270.jpg 600w, https:\/\/emprendeconellas.com\/wp-content\/uploads\/2025\/03\/IMG-20250307-WA0018.jpg 1280w\" sizes=\"(max-width: 1024px) 100vw, 1024px\" \/><\/figure><\/li><li class=\"wp-block-jetpack-slideshow_slide swiper-slide\"><figure><img loading=\"lazy\" decoding=\"async\" width=\"1024\" height=\"768\" alt=\"\" class=\"wp-block-jetpack-slideshow_image wp-image-1555\" data-id=\"1555\" src=\"https:\/\/emprendeconellas.com\/wp-content\/uploads\/2025\/03\/IMG-20250307-WA0017-1024x768.jpg\" srcset=\"https:\/\/emprendeconellas.com\/wp-content\/uploads\/2025\/03\/IMG-20250307-WA0017-1024x768.jpg 1024w, https:\/\/emprendeconellas.com\/wp-content\/uploads\/2025\/03\/IMG-20250307-WA0017-300x225.jpg 300w, https:\/\/emprendeconellas.com\/wp-content\/uploads\/2025\/03\/IMG-20250307-WA0017-768x576.jpg 768w, https:\/\/emprendeconellas.com\/wp-content\/uploads\/2025\/03\/IMG-20250307-WA0017-600x450.jpg 600w, https:\/\/emprendeconellas.com\/wp-content\/uploads\/2025\/03\/IMG-20250307-WA0017.jpg 1280w\" sizes=\"(max-width: 1024px) 100vw, 1024px\" \/><\/figure><\/li><li class=\"wp-block-jetpack-slideshow_slide swiper-slide\"><figure><img loading=\"lazy\" decoding=\"async\" width=\"461\" height=\"1024\" alt=\"\" class=\"wp-block-jetpack-slideshow_image wp-image-1551\" data-id=\"1551\" src=\"https:\/\/emprendeconellas.com\/wp-content\/uploads\/2025\/03\/IMG-20250307-WA0019-461x1024.jpg\" srcset=\"https:\/\/emprendeconellas.com\/wp-content\/uploads\/2025\/03\/IMG-20250307-WA0019-461x1024.jpg 461w, https:\/\/emprendeconellas.com\/wp-content\/uploads\/2025\/03\/IMG-20250307-WA0019-135x300.jpg 135w, https:\/\/emprendeconellas.com\/wp-content\/uploads\/2025\/03\/IMG-20250307-WA0019.jpg 576w\" sizes=\"(max-width: 461px) 100vw, 461px\" \/><\/figure><\/li><li class=\"wp-block-jetpack-slideshow_slide swiper-slide\"><figure><img loading=\"lazy\" decoding=\"async\" width=\"1024\" height=\"589\" alt=\"\" class=\"wp-block-jetpack-slideshow_image wp-image-1552\" data-id=\"1552\" src=\"https:\/\/emprendeconellas.com\/wp-content\/uploads\/2025\/03\/IMG-20250307-WA0020-1024x589.jpg\" srcset=\"https:\/\/emprendeconellas.com\/wp-content\/uploads\/2025\/03\/IMG-20250307-WA0020-1024x589.jpg 1024w, https:\/\/emprendeconellas.com\/wp-content\/uploads\/2025\/03\/IMG-20250307-WA0020-300x173.jpg 300w, https:\/\/emprendeconellas.com\/wp-content\/uploads\/2025\/03\/IMG-20250307-WA0020-768x442.jpg 768w, https:\/\/emprendeconellas.com\/wp-content\/uploads\/2025\/03\/IMG-20250307-WA0020-600x345.jpg 600w, https:\/\/emprendeconellas.com\/wp-content\/uploads\/2025\/03\/IMG-20250307-WA0020.jpg 1280w\" sizes=\"(max-width: 1024px) 100vw, 1024px\" \/><\/figure><\/li><\/ul><a class=\"wp-block-jetpack-slideshow_button-prev swiper-button-prev swiper-button-white\" role=\"button\"><\/a><a class=\"wp-block-jetpack-slideshow_button-next swiper-button-next swiper-button-white\" role=\"button\"><\/a><a aria-label=\"Pause Slideshow\" class=\"wp-block-jetpack-slideshow_button-pause\" role=\"button\"><\/a><div class=\"wp-block-jetpack-slideshow_pagination swiper-pagination swiper-pagination-white\"><\/div><\/div><\/div>\n\n\n\n<div style=\"height:100px\" aria-hidden=\"true\" class=\"wp-block-spacer\"><\/div>\n\n\n\n<p class=\"has-medium-font-size\"><strong>Heladris &#8211; Adriana Vanessa Jimenez Acu\u00f1a<\/strong><\/p>\n\n\n\n<p class=\"has-text-align-left has-medium-font-size\">Heladris ofrece helados artesanales elaborados con productos locales y un compromiso genuino por la calidad. Desde Pe\u00f1as Blancas de San Ram\u00f3n, esta emprendedora transforma ingredientes frescos en sabores \u00fanicos que evocan tradici\u00f3n, frescura y autenticidad.<\/p>\n\n\n\n<ul class=\"wp-block-list\">\n<li class=\"has-medium-font-size\"><strong>Sabores base disponibles todo el a\u00f1o<\/strong>: Coco, Chocolate con man\u00ed, Rompope, Leche agria con frutas (proceso artesanal propio), Sirope con leche, Man\u00ed.<\/li>\n\n\n\n<li class=\"has-medium-font-size\"><strong>Sabores disponibles en temporada<\/strong> (seg\u00fan disponibilidad de frutas): Cas, Frutas mixtas, Manga verde con lim\u00f3n y sal, Caf\u00e9.<\/li>\n\n\n\n<li class=\"has-medium-font-size\"><strong>Presentaciones:<\/strong> Vaso, Apretado (tambi\u00e9n conocido como chiribisco)<\/li>\n<\/ul>\n\n\n\n<div class=\"wp-block-jetpack-send-a-message\">\n<div class=\"wp-block-jetpack-whatsapp-button is-color-dark\"><a class=\"whatsapp-block__button\" href=\"https:\/\/api.whatsapp.com\/send?phone=50689418940&amp;text=Hola%2C%20tengo%20la%20informaci%C3%B3n%20de%20WhatsApp%20de%20tu%20web.\" style=\"background-color:#25D366;color:#fff\" target=\"_self\" rel=\"noopener noreferrer\">Charlar en WhatsApp<\/a><\/div>\n<\/div>\n\n\n\n<div class=\"wp-block-jetpack-slideshow aligncenter\" data-effect=\"slide\" style=\"--aspect-ratio:calc(640 \/ 829)\"><div class=\"wp-block-jetpack-slideshow_container swiper\"><ul class=\"wp-block-jetpack-slideshow_swiper-wrapper swiper-wrapper\"><li class=\"wp-block-jetpack-slideshow_slide swiper-slide\"><figure><img loading=\"lazy\" decoding=\"async\" width=\"791\" height=\"1024\" alt=\"\" class=\"wp-block-jetpack-slideshow_image wp-image-2147\" data-id=\"2147\" data-aspect-ratio=\"640 \/ 829\" src=\"https:\/\/emprendeconellas.com\/wp-content\/uploads\/2025\/10\/Menu_Heladris-791x1024.jpg\"\/><\/figure><\/li><li class=\"wp-block-jetpack-slideshow_slide swiper-slide\"><figure><img loading=\"lazy\" decoding=\"async\" width=\"1024\" height=\"767\" alt=\"\" class=\"wp-block-jetpack-slideshow_image wp-image-2146\" data-id=\"2146\" data-aspect-ratio=\"640 \/ 479\" src=\"https:\/\/emprendeconellas.com\/wp-content\/uploads\/2025\/10\/Helados-2-1024x767.jpg\"\/><\/figure><\/li><li class=\"wp-block-jetpack-slideshow_slide swiper-slide\"><figure><img loading=\"lazy\" decoding=\"async\" width=\"1024\" height=\"921\" alt=\"\" class=\"wp-block-jetpack-slideshow_image wp-image-2145\" data-id=\"2145\" data-aspect-ratio=\"640 \/ 576\" src=\"https:\/\/emprendeconellas.com\/wp-content\/uploads\/2025\/10\/Helados-1-1024x921.jpg\"\/><\/figure><\/li><\/ul><a class=\"wp-block-jetpack-slideshow_button-prev swiper-button-prev swiper-button-white\" role=\"button\"><\/a><a class=\"wp-block-jetpack-slideshow_button-next swiper-button-next swiper-button-white\" role=\"button\"><\/a><a aria-label=\"Pause Slideshow\" class=\"wp-block-jetpack-slideshow_button-pause\" role=\"button\"><\/a><div class=\"wp-block-jetpack-slideshow_pagination swiper-pagination swiper-pagination-white\"><\/div><\/div><\/div>\n\n\n\n<p class=\"has-medium-font-size\"><\/p>\n","protected":false},"excerpt":{"rendered":"<p>Informaci\u00f3n de alimentos Explora los servicios que ofrecemos y d\u00e9jate sorprender por la calidad, dedicaci\u00f3n e innovaci\u00f3n que caracterizan a nuestras microempresarias. Delicias de Ruth &#8211; Ruth Garc\u00eda Gonz\u00e1lez Ofrecemos una deliciosa variedad de productos alimenticios personalizadas para satisfacer tus gustos y necesidades. Disfruta de nuestros presti\u00f1os, picadillo, arroz con leche, tamal asado y pi\u00f1as<\/p>\n<div class=\"more-link\">\n\t\t\t\t <a href=\"https:\/\/emprendeconellas.com\/index.php\/alimentos-personalizados\/\" class=\"link-btn\"><span>Seguir leyendo <\/span> <i class=\"icofont-thin-double-right\"><\/i><\/a>\n\t\t\t<\/div>\n","protected":false},"author":1,"featured_media":0,"parent":0,"menu_order":0,"comment_status":"closed","ping_status":"closed","template":"","meta":{"om_disable_all_campaigns":false,"_monsterinsights_skip_tracking":false,"_monsterinsights_sitenote_active":false,"_monsterinsights_sitenote_note":"","_monsterinsights_sitenote_category":0,"footnotes":""},"class_list":["post-1157","page","type-page","status-publish","hentry"],"aioseo_notices":[],"jetpack_sharing_enabled":true,"_links":{"self":[{"href":"https:\/\/emprendeconellas.com\/index.php\/wp-json\/wp\/v2\/pages\/1157","targetHints":{"allow":["GET"]}}],"collection":[{"href":"https:\/\/emprendeconellas.com\/index.php\/wp-json\/wp\/v2\/pages"}],"about":[{"href":"https:\/\/emprendeconellas.com\/index.php\/wp-json\/wp\/v2\/types\/page"}],"author":[{"embeddable":true,"href":"https:\/\/emprendeconellas.com\/index.php\/wp-json\/wp\/v2\/users\/1"}],"replies":[{"embeddable":true,"href":"https:\/\/emprendeconellas.com\/index.php\/wp-json\/wp\/v2\/comments?post=1157"}],"version-history":[{"count":23,"href":"https:\/\/emprendeconellas.com\/index.php\/wp-json\/wp\/v2\/pages\/1157\/revisions"}],"predecessor-version":[{"id":2201,"href":"https:\/\/emprendeconellas.com\/index.php\/wp-json\/wp\/v2\/pages\/1157\/revisions\/2201"}],"wp:attachment":[{"href":"https:\/\/emprendeconellas.com\/index.php\/wp-json\/wp\/v2\/media?parent=1157"}],"curies":[{"name":"wp","href":"https:\/\/api.w.org\/{rel}","templated":true}]}}